{"id":179,"date":"2017-11-26T10:08:19","date_gmt":"2017-11-26T08:08:19","guid":{"rendered":"http:\/\/karhulanilmailukerho.fi\/lentomuseo\/en\/?page_id=179"},"modified":"2017-11-29T22:16:27","modified_gmt":"2017-11-29T20:16:27","slug":"gallery","status":"publish","type":"page","link":"http:\/\/karhulanilmailukerho.fi\/lentomuseo\/en\/gallery\/","title":{"rendered":"Gallery"},"content":{"rendered":"<p>Kerhomme pitk\u00e4aikaisen puuhamiehen Oiva Lehtisen maalauksia H\u00e4vitt\u00e4j\u00e4lentolaivue 34:n tapahtumista Kymiss\u00e4 sotavuosina 1943-44.<\/p>\n<div id='gallery-1' class='gallery galleryid-179 gallery-columns-3 gallery-size-thumbnail'><figure class='gallery-item'>\n\t\t\t<div class='gallery-icon landscape'>\n\t\t\t\t<a href='http:\/\/karhulanilmailukerho.fi\/lentomuseo\/en\/gallery\/tal0015\/'><img width=\"150\" height=\"150\" src=\"http:\/\/karhulanilmailukerho.fi\/lentomuseo\/en\/wp-content\/uploads\/sites\/2\/2017\/11\/tal0015-150x150.jpg\" class=\"attachment-thumbnail size-thumbnail\" alt=\"\" decoding=\"async\" loading=\"lazy\" aria-describedby=\"gallery-1-220\" \/><\/a>\n\t\t\t<\/div>\n\t\t\t\t<figcaption class='wp-caption-text gallery-caption' id='gallery-1-220'>\n\t\t\t\tKymi 2012\n\t\t\t\t<\/figcaption><\/figure><figure class='gallery-item'>\n\t\t\t<div class='gallery-icon landscape'>\n\t\t\t\t<a href='http:\/\/karhulanilmailukerho.fi\/lentomuseo\/en\/gallery\/tal0017\/'><img width=\"150\" height=\"150\" src=\"http:\/\/karhulanilmailukerho.fi\/lentomuseo\/en\/wp-content\/uploads\/sites\/2\/2017\/11\/tal0017-150x150.jpg\" class=\"attachment-thumbnail size-thumbnail\" alt=\"\" decoding=\"async\" loading=\"lazy\" \/><\/a>\n\t\t\t<\/div><\/figure><figure class='gallery-item'>\n\t\t\t<div class='gallery-icon landscape'>\n\t\t\t\t<a href='http:\/\/karhulanilmailukerho.fi\/lentomuseo\/en\/gallery\/tal0010\/'><img width=\"150\" height=\"150\" src=\"http:\/\/karhulanilmailukerho.fi\/lentomuseo\/en\/wp-content\/uploads\/sites\/2\/2017\/11\/tal0010-150x150.jpg\" class=\"attachment-thumbnail size-thumbnail\" alt=\"\" decoding=\"async\" loading=\"lazy\" \/><\/a>\n\t\t\t<\/div><\/figure><figure class='gallery-item'>\n\t\t\t<div class='gallery-icon landscape'>\n\t\t\t\t<a href='http:\/\/karhulanilmailukerho.fi\/lentomuseo\/en\/gallery\/tal0014\/'><img width=\"150\" height=\"150\" src=\"http:\/\/karhulanilmailukerho.fi\/lentomuseo\/en\/wp-content\/uploads\/sites\/2\/2017\/11\/tal0014-150x150.jpg\" class=\"attachment-thumbnail size-thumbnail\" alt=\"\" decoding=\"async\" loading=\"lazy\" \/><\/a>\n\t\t\t<\/div><\/figure><figure class='gallery-item'>\n\t\t\t<div class='gallery-icon landscape'>\n\t\t\t\t<a href='http:\/\/karhulanilmailukerho.fi\/lentomuseo\/en\/gallery\/tal0007\/'><img width=\"150\" height=\"150\" src=\"http:\/\/karhulanilmailukerho.fi\/lentomuseo\/en\/wp-content\/uploads\/sites\/2\/2017\/11\/tal0007-150x150.jpg\" class=\"attachment-thumbnail size-thumbnail\" alt=\"\" decoding=\"async\" loading=\"lazy\" \/><\/a>\n\t\t\t<\/div><\/figure><figure class='gallery-item'>\n\t\t\t<div class='gallery-icon landscape'>\n\t\t\t\t<a href='http:\/\/karhulanilmailukerho.fi\/lentomuseo\/en\/gallery\/tal0016\/'><img width=\"150\" height=\"150\" src=\"http:\/\/karhulanilmailukerho.fi\/lentomuseo\/en\/wp-content\/uploads\/sites\/2\/2017\/11\/tal0016-150x150.jpg\" class=\"attachment-thumbnail size-thumbnail\" alt=\"\" decoding=\"async\" loading=\"lazy\" \/><\/a>\n\t\t\t<\/div><\/figure><figure class='gallery-item'>\n\t\t\t<div class='gallery-icon landscape'>\n\t\t\t\t<a href='http:\/\/karhulanilmailukerho.fi\/lentomuseo\/en\/gallery\/tal0011\/'><img width=\"150\" height=\"150\" src=\"http:\/\/karhulanilmailukerho.fi\/lentomuseo\/en\/wp-content\/uploads\/sites\/2\/2017\/11\/tal0011-150x150.jpg\" class=\"attachment-thumbnail size-thumbnail\" alt=\"\" decoding=\"async\" loading=\"lazy\" \/><\/a>\n\t\t\t<\/div><\/figure><figure class='gallery-item'>\n\t\t\t<div class='gallery-icon landscape'>\n\t\t\t\t<a href='http:\/\/karhulanilmailukerho.fi\/lentomuseo\/en\/gallery\/tal0008\/'><img width=\"150\" height=\"150\" src=\"http:\/\/karhulanilmailukerho.fi\/lentomuseo\/en\/wp-content\/uploads\/sites\/2\/2017\/11\/tal0008-150x150.jpg\" class=\"attachment-thumbnail size-thumbnail\" alt=\"\" decoding=\"async\" loading=\"lazy\" \/><\/a>\n\t\t\t<\/div><\/figure><figure class='gallery-item'>\n\t\t\t<div class='gallery-icon landscape'>\n\t\t\t\t<a href='http:\/\/karhulanilmailukerho.fi\/lentomuseo\/en\/gallery\/tal0001\/'><img width=\"150\" height=\"150\" src=\"http:\/\/karhulanilmailukerho.fi\/lentomuseo\/en\/wp-content\/uploads\/sites\/2\/2017\/11\/tal0001-150x150.jpg\" class=\"attachment-thumbnail size-thumbnail\" alt=\"\" decoding=\"async\" loading=\"lazy\" \/><\/a>\n\t\t\t<\/div><\/figure><figure class='gallery-item'>\n\t\t\t<div class='gallery-icon landscape'>\n\t\t\t\t<a href='http:\/\/karhulanilmailukerho.fi\/lentomuseo\/en\/gallery\/tal0013\/'><img width=\"150\" height=\"150\" src=\"http:\/\/karhulanilmailukerho.fi\/lentomuseo\/en\/wp-content\/uploads\/sites\/2\/2017\/11\/tal0013-150x150.jpg\" class=\"attachment-thumbnail size-thumbnail\" alt=\"\" decoding=\"async\" loading=\"lazy\" \/><\/a>\n\t\t\t<\/div><\/figure><figure class='gallery-item'>\n\t\t\t<div class='gallery-icon landscape'>\n\t\t\t\t<a href='http:\/\/karhulanilmailukerho.fi\/lentomuseo\/en\/gallery\/tal0003\/'><img width=\"150\" height=\"150\" src=\"http:\/\/karhulanilmailukerho.fi\/lentomuseo\/en\/wp-content\/uploads\/sites\/2\/2017\/11\/tal0003-150x150.jpg\" class=\"attachment-thumbnail size-thumbnail\" alt=\"\" decoding=\"async\" loading=\"lazy\" \/><\/a>\n\t\t\t<\/div><\/figure><figure class='gallery-item'>\n\t\t\t<div class='gallery-icon landscape'>\n\t\t\t\t<a href='http:\/\/karhulanilmailukerho.fi\/lentomuseo\/en\/gallery\/tal0009\/'><img width=\"150\" height=\"150\" src=\"http:\/\/karhulanilmailukerho.fi\/lentomuseo\/en\/wp-content\/uploads\/sites\/2\/2017\/11\/tal0009-150x150.jpg\" class=\"attachment-thumbnail size-thumbnail\" alt=\"\" decoding=\"async\" loading=\"lazy\" \/><\/a>\n\t\t\t<\/div><\/figure><figure class='gallery-item'>\n\t\t\t<div class='gallery-icon landscape'>\n\t\t\t\t<a href='http:\/\/karhulanilmailukerho.fi\/lentomuseo\/en\/gallery\/tal0006\/'><img width=\"150\" height=\"150\" src=\"http:\/\/karhulanilmailukerho.fi\/lentomuseo\/en\/wp-content\/uploads\/sites\/2\/2017\/11\/tal0006-150x150.jpg\" class=\"attachment-thumbnail size-thumbnail\" alt=\"\" decoding=\"async\" loading=\"lazy\" \/><\/a>\n\t\t\t<\/div><\/figure><figure class='gallery-item'>\n\t\t\t<div class='gallery-icon landscape'>\n\t\t\t\t<a href='http:\/\/karhulanilmailukerho.fi\/lentomuseo\/en\/gallery\/tal0002\/'><img width=\"150\" height=\"150\" src=\"http:\/\/karhulanilmailukerho.fi\/lentomuseo\/en\/wp-content\/uploads\/sites\/2\/2017\/11\/tal0002-150x150.jpg\" class=\"attachment-thumbnail size-thumbnail\" alt=\"\" decoding=\"async\" loading=\"lazy\" \/><\/a>\n\t\t\t<\/div><\/figure><figure class='gallery-item'>\n\t\t\t<div class='gallery-icon landscape'>\n\t\t\t\t<a href='http:\/\/karhulanilmailukerho.fi\/lentomuseo\/en\/gallery\/tal0012\/'><img width=\"150\" height=\"150\" src=\"http:\/\/karhulanilmailukerho.fi\/lentomuseo\/en\/wp-content\/uploads\/sites\/2\/2017\/11\/tal0012-150x150.jpg\" class=\"attachment-thumbnail size-thumbnail\" alt=\"\" decoding=\"async\" loading=\"lazy\" \/><\/a>\n\t\t\t<\/div><\/figure><figure class='gallery-item'>\n\t\t\t<div class='gallery-icon landscape'>\n\t\t\t\t<a href='http:\/\/karhulanilmailukerho.fi\/lentomuseo\/en\/gallery\/tal0004\/'><img width=\"150\" height=\"150\" src=\"http:\/\/karhulanilmailukerho.fi\/lentomuseo\/en\/wp-content\/uploads\/sites\/2\/2017\/11\/tal0004-150x150.jpg\" class=\"attachment-thumbnail size-thumbnail\" alt=\"\" decoding=\"async\" loading=\"lazy\" \/><\/a>\n\t\t\t<\/div><\/figure><figure class='gallery-item'>\n\t\t\t<div class='gallery-icon landscape'>\n\t\t\t\t<a href='http:\/\/karhulanilmailukerho.fi\/lentomuseo\/en\/gallery\/tal0005\/'><img width=\"150\" height=\"150\" src=\"http:\/\/karhulanilmailukerho.fi\/lentomuseo\/en\/wp-content\/uploads\/sites\/2\/2017\/11\/tal0005-150x150.jpg\" class=\"attachment-thumbnail size-thumbnail\" alt=\"\" decoding=\"async\" loading=\"lazy\" \/><\/a>\n\t\t\t<\/div><\/figure>\n\t\t<\/div>\n\n","protected":false},"excerpt":{"rendered":"<p>Kerhomme pitk\u00e4aikaisen puuhamiehen Oiva Lehtisen maalauksia H\u00e4vitt\u00e4j\u00e4lentolaivue 34:n tapahtumista Kymiss\u00e4 sotavuosina 1943-44.<\/p>\n","protected":false},"author":1,"featured_media":0,"parent":0,"menu_order":0,"comment_status":"closed","ping_status":"closed","template":"","meta":{"om_disable_all_campaigns":false,"_exactmetrics_skip_tracking":false,"_exactmetrics_sitenote_active":false,"_exactmetrics_sitenote_note":"","_exactmetrics_sitenote_category":0},"aioseo_notices":[],"_links":{"self":[{"href":"http:\/\/karhulanilmailukerho.fi\/lentomuseo\/en\/wp-json\/wp\/v2\/pages\/179"}],"collection":[{"href":"http:\/\/karhulanilmailukerho.fi\/lentomuseo\/en\/wp-json\/wp\/v2\/pages"}],"about":[{"href":"http:\/\/karhulanilmailukerho.fi\/lentomuseo\/en\/wp-json\/wp\/v2\/types\/page"}],"author":[{"embeddable":true,"href":"http:\/\/karhulanilmailukerho.fi\/lentomuseo\/en\/wp-json\/wp\/v2\/users\/1"}],"replies":[{"embeddable":true,"href":"http:\/\/karhulanilmailukerho.fi\/lentomuseo\/en\/wp-json\/wp\/v2\/comments?post=179"}],"version-history":[{"count":9,"href":"http:\/\/karhulanilmailukerho.fi\/lentomuseo\/en\/wp-json\/wp\/v2\/pages\/179\/revisions"}],"predecessor-version":[{"id":237,"href":"http:\/\/karhulanilmailukerho.fi\/lentomuseo\/en\/wp-json\/wp\/v2\/pages\/179\/revisions\/237"}],"wp:attachment":[{"href":"http:\/\/karhulanilmailukerho.fi\/lentomuseo\/en\/wp-json\/wp\/v2\/media?parent=179"}],"curies":[{"name":"wp","href":"https:\/\/api.w.org\/{rel}","templated":true}]}}