{"id":197,"date":"2017-11-26T12:38:30","date_gmt":"2017-11-26T10:38:30","guid":{"rendered":"http:\/\/karhulanilmailukerho.fi\/lentomuseo\/en\/?page_id=197"},"modified":"2017-11-26T12:54:10","modified_gmt":"2017-11-26T10:54:10","slug":"aviation-history","status":"publish","type":"page","link":"http:\/\/karhulanilmailukerho.fi\/lentomuseo\/en\/aviation-history\/","title":{"rendered":"Aviation history"},"content":{"rendered":"<p><strong>Aviation museums and associations:<\/strong><\/p>\n<p><a href=\"https:\/\/www.ilmailumuseoyhdistys.fi\/\">Aviation Museum Society, Finland<\/a><br \/>\n<a href=\"http:\/\/airforcemuseum.fi\/\">Finnish Airforce Museum<\/a><br \/>\n<a href=\"http:\/\/ilmailumuseo.fi\/en\/\">Finnsih Aviation Museum<\/a><br \/>\n<a href=\"https:\/\/www.ilmailumuseot.fi\/museot\/hallinportti-ilmailumuseo--hallinportti-aviation-museum\">Hallinportti Aviation Museum<\/a><br \/>\n<a href=\"http:\/\/www.karjalanilmailumuseo.fi\/\">Karelia Aviation Museum<\/a><br \/>\n<a href=\"https:\/\/www.lahdenilmasilta.fi\/museo\/paijat-hameen-ilmailumuseo\">P\u00e4ij\u00e4t-H\u00e4me Aviation Museum<\/a><br \/>\n<a href=\"http:\/\/www.dc-ry.fi\/\">DC Association<\/a><\/p>\n","protected":false},"excerpt":{"rendered":"<p>Aviation museums and associations: Aviation Museum Society, Finland Finnish Airforce Museum Finnsih Aviation Museum Hallinportti Aviation Museum Karelia Aviation Museum P\u00e4ij\u00e4t-H\u00e4me Aviation Museum DC Association<\/p>\n","protected":false},"author":2,"featured_media":0,"parent":0,"menu_order":0,"comment_status":"closed","ping_status":"closed","template":"","meta":{"om_disable_all_campaigns":false,"_exactmetrics_skip_tracking":false,"_exactmetrics_sitenote_active":false,"_exactmetrics_sitenote_note":"","_exactmetrics_sitenote_category":0},"aioseo_notices":[],"_links":{"self":[{"href":"http:\/\/karhulanilmailukerho.fi\/lentomuseo\/en\/wp-json\/wp\/v2\/pages\/197"}],"collection":[{"href":"http:\/\/karhulanilmailukerho.fi\/lentomuseo\/en\/wp-json\/wp\/v2\/pages"}],"about":[{"href":"http:\/\/karhulanilmailukerho.fi\/lentomuseo\/en\/wp-json\/wp\/v2\/types\/page"}],"author":[{"embeddable":true,"href":"http:\/\/karhulanilmailukerho.fi\/lentomuseo\/en\/wp-json\/wp\/v2\/users\/2"}],"replies":[{"embeddable":true,"href":"http:\/\/karhulanilmailukerho.fi\/lentomuseo\/en\/wp-json\/wp\/v2\/comments?post=197"}],"version-history":[{"count":3,"href":"http:\/\/karhulanilmailukerho.fi\/lentomuseo\/en\/wp-json\/wp\/v2\/pages\/197\/revisions"}],"predecessor-version":[{"id":201,"href":"http:\/\/karhulanilmailukerho.fi\/lentomuseo\/en\/wp-json\/wp\/v2\/pages\/197\/revisions\/201"}],"wp:attachment":[{"href":"http:\/\/karhulanilmailukerho.fi\/lentomuseo\/en\/wp-json\/wp\/v2\/media?parent=197"}],"curies":[{"name":"wp","href":"https:\/\/api.w.org\/{rel}","templated":true}]}}