{"id":128,"date":"2017-11-26T12:52:16","date_gmt":"2017-11-26T10:52:16","guid":{"rendered":"http:\/\/karhulanilmailukerho.fi\/lentomuseo\/ru\/?page_id=128"},"modified":"2017-11-26T12:52:16","modified_gmt":"2017-11-26T10:52:16","slug":"%d0%b8%d1%81%d1%82%d0%be%d1%80%d0%b8%d1%8f-%d0%b0%d0%b2%d0%b8%d0%b0%d1%86%d0%b8%d0%b8","status":"publish","type":"page","link":"http:\/\/karhulanilmailukerho.fi\/lentomuseo\/ru\/%d0%b8%d1%81%d1%82%d0%be%d1%80%d0%b8%d1%8f-%d0%b0%d0%b2%d0%b8%d0%b0%d1%86%d0%b8%d0%b8\/","title":{"rendered":"\u0418\u0441\u0442\u043e\u0440\u0438\u044f \u0430\u0432\u0438\u0430\u0446\u0438\u0438"},"content":{"rendered":"<p><strong>\u0410\u0432\u0438\u0430\u0446\u0438\u043e\u043d\u043d\u044b\u0435 \u043c\u0443\u0437\u0435\u0438 \u0438 \u0430\u0441\u0441\u043e\u0446\u0438\u0430\u0446\u0438\u0438:<\/strong><\/p>\n<p><a href=\"https:\/\/www.ilmailumuseoyhdistys.fi\/\">Aviation Museum Society, Finland<\/a><br \/>\n<a href=\"http:\/\/airforcemuseum.fi\/\">Finnish Airforce Museum<\/a><br \/>\n<a href=\"http:\/\/ilmailumuseo.fi\/en\/\">Finnsih Aviation Museum<\/a><br \/>\n<a href=\"https:\/\/www.ilmailumuseot.fi\/museot\/hallinportti-ilmailumuseo--hallinportti-aviation-museum\">Hallinportti Aviation Museum<\/a><br \/>\n<a href=\"http:\/\/www.karjalanilmailumuseo.fi\/\">Karelia Aviation Museum<\/a><br \/>\n<a href=\"https:\/\/www.lahdenilmasilta.fi\/museo\/paijat-hameen-ilmailumuseo\">P\u00e4ij\u00e4t-H\u00e4me Aviation Museum<\/a><br \/>\n<a href=\"http:\/\/www.dc-ry.fi\/\">DC Association<\/a><\/p>\n","protected":false},"excerpt":{"rendered":"<p>\u0410\u0432\u0438\u0430\u0446\u0438\u043e\u043d\u043d\u044b\u0435 \u043c\u0443\u0437\u0435\u0438 \u0438 \u0430\u0441\u0441\u043e\u0446\u0438\u0430\u0446\u0438\u0438: Aviation Museum Society, Finland Finnish Airforce Museum Finnsih Aviation Museum Hallinportti Aviation Museum Karelia Aviation Museum P\u00e4ij\u00e4t-H\u00e4me Aviation Museum DC Association<\/p>\n","protected":false},"author":2,"featured_media":0,"parent":0,"menu_order":0,"comment_status":"closed","ping_status":"closed","template":"","meta":{"om_disable_all_campaigns":false,"_exactmetrics_skip_tracking":false,"_exactmetrics_sitenote_active":false,"_exactmetrics_sitenote_note":"","_exactmetrics_sitenote_category":0},"aioseo_notices":[],"_links":{"self":[{"href":"http:\/\/karhulanilmailukerho.fi\/lentomuseo\/ru\/wp-json\/wp\/v2\/pages\/128"}],"collection":[{"href":"http:\/\/karhulanilmailukerho.fi\/lentomuseo\/ru\/wp-json\/wp\/v2\/pages"}],"about":[{"href":"http:\/\/karhulanilmailukerho.fi\/lentomuseo\/ru\/wp-json\/wp\/v2\/types\/page"}],"author":[{"embeddable":true,"href":"http:\/\/karhulanilmailukerho.fi\/lentomuseo\/ru\/wp-json\/wp\/v2\/users\/2"}],"replies":[{"embeddable":true,"href":"http:\/\/karhulanilmailukerho.fi\/lentomuseo\/ru\/wp-json\/wp\/v2\/comments?post=128"}],"version-history":[{"count":1,"href":"http:\/\/karhulanilmailukerho.fi\/lentomuseo\/ru\/wp-json\/wp\/v2\/pages\/128\/revisions"}],"predecessor-version":[{"id":129,"href":"http:\/\/karhulanilmailukerho.fi\/lentomuseo\/ru\/wp-json\/wp\/v2\/pages\/128\/revisions\/129"}],"wp:attachment":[{"href":"http:\/\/karhulanilmailukerho.fi\/lentomuseo\/ru\/wp-json\/wp\/v2\/media?parent=128"}],"curies":[{"name":"wp","href":"https:\/\/api.w.org\/{rel}","templated":true}]}}