{"id":137,"date":"2017-11-16T09:53:13","date_gmt":"2017-11-16T07:53:13","guid":{"rendered":"http:\/\/karhulanilmailukerho.fi\/lentomuseo\/?page_id=137"},"modified":"2017-11-20T20:21:41","modified_gmt":"2017-11-20T18:21:41","slug":"harakka2","status":"publish","type":"page","link":"http:\/\/karhulanilmailukerho.fi\/lentomuseo\/harakka2\/","title":{"rendered":"Harakka II (H-57)"},"content":{"rendered":"<p><img decoding=\"async\" loading=\"lazy\" class=\"alignnone size-full wp-image-210\" src=\"http:\/\/karhulanilmailukerho.fi\/lentomuseo\/wp-content\/uploads\/2017\/11\/01-2-1-Harakka-II-H-57-@-JL_edit.jpg\" alt=\"\" width=\"1600\" height=\"900\" srcset=\"http:\/\/karhulanilmailukerho.fi\/lentomuseo\/wp-content\/uploads\/2017\/11\/01-2-1-Harakka-II-H-57-@-JL_edit.jpg 1600w, http:\/\/karhulanilmailukerho.fi\/lentomuseo\/wp-content\/uploads\/2017\/11\/01-2-1-Harakka-II-H-57-@-JL_edit-300x169.jpg 300w, http:\/\/karhulanilmailukerho.fi\/lentomuseo\/wp-content\/uploads\/2017\/11\/01-2-1-Harakka-II-H-57-@-JL_edit-768x432.jpg 768w, http:\/\/karhulanilmailukerho.fi\/lentomuseo\/wp-content\/uploads\/2017\/11\/01-2-1-Harakka-II-H-57-@-JL_edit-1024x576.jpg 1024w, http:\/\/karhulanilmailukerho.fi\/lentomuseo\/wp-content\/uploads\/2017\/11\/01-2-1-Harakka-II-H-57-@-JL_edit-960x540.jpg 960w\" sizes=\"(max-width: 1600px) 100vw, 1600px\" \/><\/p>\n<p><strong>Harakka II<\/strong> on Harakka I:n jatkokehitelm\u00e4. Tyyppi oli k\u00e4yt\u00f6ss\u00e4 vuosien 1946 ja 1960 v\u00e4lisen\u00e4 aikana. Museon kone H-57 on saatu Inkeroisten Ilmailukerholta. Harakka II H-57 on kunnostettu lentokelpoiseksi.<\/p>\n<p><strong>Teknisi\u00e4 tietoja:<\/strong> K\u00e4rkiv\u00e4li 10,6m, pituus 5,72 m, korkeus 1,3 m, siipipinta-ala 15 m2, tyhj\u00e4paino 91,5 kg, max. lentopaino 200 kg, max. nopeus 117 km\/h, max.vintturihinausnopeus 80 km\/h, liitosuhde 1:10,5, min. vajoama 1,2 m\/s.<\/p>\n","protected":false},"excerpt":{"rendered":"<p>Harakka II on Harakka I:n jatkokehitelm\u00e4. Tyyppi oli k\u00e4yt\u00f6ss\u00e4 vuosien 1946 ja 1960 v\u00e4lisen\u00e4 aikana. Museon kone H-57 on saatu Inkeroisten Ilmailukerholta. Harakka II H-57 on kunnostettu lentokelpoiseksi. Teknisi\u00e4 tietoja: K\u00e4rkiv\u00e4li 10,6m, pituus 5,72 m, korkeus 1,3 m, siipipinta-ala 15 m2, tyhj\u00e4paino 91,5 kg, max. lentopaino 200 kg, max. nopeus 117 km\/h, max.vintturihinausnopeus 80 km\/h, <a href=\"http:\/\/karhulanilmailukerho.fi\/lentomuseo\/harakka2\/\" class=\"more-link\">...jatka lukemista<span class=\"screen-reader-text\"> \"Harakka II (H-57)\"<\/span><\/a><\/p>\n","protected":false},"author":1,"featured_media":0,"parent":0,"menu_order":0,"comment_status":"closed","ping_status":"closed","template":"","meta":{"om_disable_all_campaigns":false,"_exactmetrics_skip_tracking":false,"_exactmetrics_sitenote_active":false,"_exactmetrics_sitenote_note":"","_exactmetrics_sitenote_category":0},"aioseo_notices":[],"_links":{"self":[{"href":"http:\/\/karhulanilmailukerho.fi\/lentomuseo\/wp-json\/wp\/v2\/pages\/137"}],"collection":[{"href":"http:\/\/karhulanilmailukerho.fi\/lentomuseo\/wp-json\/wp\/v2\/pages"}],"about":[{"href":"http:\/\/karhulanilmailukerho.fi\/lentomuseo\/wp-json\/wp\/v2\/types\/page"}],"author":[{"embeddable":true,"href":"http:\/\/karhulanilmailukerho.fi\/lentomuseo\/wp-json\/wp\/v2\/users\/1"}],"replies":[{"embeddable":true,"href":"http:\/\/karhulanilmailukerho.fi\/lentomuseo\/wp-json\/wp\/v2\/comments?post=137"}],"version-history":[{"count":4,"href":"http:\/\/karhulanilmailukerho.fi\/lentomuseo\/wp-json\/wp\/v2\/pages\/137\/revisions"}],"predecessor-version":[{"id":213,"href":"http:\/\/karhulanilmailukerho.fi\/lentomuseo\/wp-json\/wp\/v2\/pages\/137\/revisions\/213"}],"wp:attachment":[{"href":"http:\/\/karhulanilmailukerho.fi\/lentomuseo\/wp-json\/wp\/v2\/media?parent=137"}],"curies":[{"name":"wp","href":"https:\/\/api.w.org\/{rel}","templated":true}]}}