{"id":182,"date":"2017-11-16T21:57:42","date_gmt":"2017-11-16T19:57:42","guid":{"rendered":"http:\/\/karhulanilmailukerho.fi\/lentomuseo\/?page_id=182"},"modified":"2017-11-26T21:06:42","modified_gmt":"2017-11-26T19:06:42","slug":"fouga","status":"publish","type":"page","link":"http:\/\/karhulanilmailukerho.fi\/lentomuseo\/fouga\/","title":{"rendered":"Fouga CM 170 Magister (FM-43)"},"content":{"rendered":"<p><img decoding=\"async\" loading=\"lazy\" class=\"alignnone size-full wp-image-431\" src=\"http:\/\/karhulanilmailukerho.fi\/lentomuseo\/wp-content\/uploads\/2017\/11\/fouga_1.jpg\" alt=\"\" width=\"1600\" height=\"900\" srcset=\"http:\/\/karhulanilmailukerho.fi\/lentomuseo\/wp-content\/uploads\/2017\/11\/fouga_1.jpg 1600w, http:\/\/karhulanilmailukerho.fi\/lentomuseo\/wp-content\/uploads\/2017\/11\/fouga_1-300x169.jpg 300w, http:\/\/karhulanilmailukerho.fi\/lentomuseo\/wp-content\/uploads\/2017\/11\/fouga_1-768x432.jpg 768w, http:\/\/karhulanilmailukerho.fi\/lentomuseo\/wp-content\/uploads\/2017\/11\/fouga_1-1024x576.jpg 1024w, http:\/\/karhulanilmailukerho.fi\/lentomuseo\/wp-content\/uploads\/2017\/11\/fouga_1-960x540.jpg 960w\" sizes=\"(max-width: 1600px) 100vw, 1600px\" \/><\/p>\n<p><strong>Fouga CM 170 Magister<\/strong> on alkuper\u00e4lt\u00e4\u00e4n ranskalainen suihkuharjoituskone. Suomen ilmavoimilla oli vuosina 1958-1988 k\u00e4yt\u00f6ss\u00e4 yhteens\u00e4 80 konetta. Kerhon FM-43 saatiin Ilmavoimilta elokuussa 1992. FM-43 lensi ensi kerran 6.9.1962 ja viimeisen kerran 10.11.1986. Museon FM-43 on k\u00e4yntikuntoinen ja rullauskelpoinen.<\/p>\n<p><strong>Teknisi\u00e4 tietoja:<\/strong> K\u00e4rkiv\u00e4li 12,15m, pituus 10,05 m, tyhj\u00e4paino 2.140 kg, lentopaino 3.120 kg. Suurin nopeus vaakalennossa 650 km\/h. Moottorit 2x Turbomeca Marbore II ty\u00f6nt\u00f6voima 400 kp.<\/p>\n","protected":false},"excerpt":{"rendered":"<p>Fouga CM 170 Magister on alkuper\u00e4lt\u00e4\u00e4n ranskalainen suihkuharjoituskone. Suomen ilmavoimilla oli vuosina 1958-1988 k\u00e4yt\u00f6ss\u00e4 yhteens\u00e4 80 konetta. Kerhon FM-43 saatiin Ilmavoimilta elokuussa 1992. FM-43 lensi ensi kerran 6.9.1962 ja viimeisen kerran 10.11.1986. Museon FM-43 on k\u00e4yntikuntoinen ja rullauskelpoinen. Teknisi\u00e4 tietoja: K\u00e4rkiv\u00e4li 12,15m, pituus 10,05 m, tyhj\u00e4paino 2.140 kg, lentopaino 3.120 kg. Suurin nopeus vaakalennossa 650 <a href=\"http:\/\/karhulanilmailukerho.fi\/lentomuseo\/fouga\/\" class=\"more-link\">...jatka lukemista<span class=\"screen-reader-text\"> \"Fouga CM 170 Magister (FM-43)\"<\/span><\/a><\/p>\n","protected":false},"author":2,"featured_media":0,"parent":0,"menu_order":0,"comment_status":"closed","ping_status":"closed","template":"","meta":{"om_disable_all_campaigns":false,"_exactmetrics_skip_tracking":false,"_exactmetrics_sitenote_active":false,"_exactmetrics_sitenote_note":"","_exactmetrics_sitenote_category":0},"aioseo_notices":[],"_links":{"self":[{"href":"http:\/\/karhulanilmailukerho.fi\/lentomuseo\/wp-json\/wp\/v2\/pages\/182"}],"collection":[{"href":"http:\/\/karhulanilmailukerho.fi\/lentomuseo\/wp-json\/wp\/v2\/pages"}],"about":[{"href":"http:\/\/karhulanilmailukerho.fi\/lentomuseo\/wp-json\/wp\/v2\/types\/page"}],"author":[{"embeddable":true,"href":"http:\/\/karhulanilmailukerho.fi\/lentomuseo\/wp-json\/wp\/v2\/users\/2"}],"replies":[{"embeddable":true,"href":"http:\/\/karhulanilmailukerho.fi\/lentomuseo\/wp-json\/wp\/v2\/comments?post=182"}],"version-history":[{"count":6,"href":"http:\/\/karhulanilmailukerho.fi\/lentomuseo\/wp-json\/wp\/v2\/pages\/182\/revisions"}],"predecessor-version":[{"id":432,"href":"http:\/\/karhulanilmailukerho.fi\/lentomuseo\/wp-json\/wp\/v2\/pages\/182\/revisions\/432"}],"wp:attachment":[{"href":"http:\/\/karhulanilmailukerho.fi\/lentomuseo\/wp-json\/wp\/v2\/media?parent=182"}],"curies":[{"name":"wp","href":"https:\/\/api.w.org\/{rel}","templated":true}]}}