{"id":35,"date":"2017-11-10T13:46:11","date_gmt":"2017-11-10T11:46:11","guid":{"rendered":"http:\/\/karhulanilmailukerho.fi\/lentomuseo\/?page_id=35"},"modified":"2017-11-26T21:13:33","modified_gmt":"2017-11-26T19:13:33","slug":"gauntlet","status":"publish","type":"page","link":"http:\/\/karhulanilmailukerho.fi\/lentomuseo\/gauntlet\/","title":{"rendered":"Gloster Gauntlet II GT-400 \/ OH-XGT (s\/n K5271)"},"content":{"rendered":"<p><strong><img decoding=\"async\" loading=\"lazy\" class=\"alignnone size-full wp-image-430\" src=\"http:\/\/karhulanilmailukerho.fi\/lentomuseo\/wp-content\/uploads\/2017\/11\/gt400_1.jpg\" alt=\"\" width=\"1600\" height=\"900\" srcset=\"http:\/\/karhulanilmailukerho.fi\/lentomuseo\/wp-content\/uploads\/2017\/11\/gt400_1.jpg 1600w, http:\/\/karhulanilmailukerho.fi\/lentomuseo\/wp-content\/uploads\/2017\/11\/gt400_1-300x169.jpg 300w, http:\/\/karhulanilmailukerho.fi\/lentomuseo\/wp-content\/uploads\/2017\/11\/gt400_1-768x432.jpg 768w, http:\/\/karhulanilmailukerho.fi\/lentomuseo\/wp-content\/uploads\/2017\/11\/gt400_1-1024x576.jpg 1024w, http:\/\/karhulanilmailukerho.fi\/lentomuseo\/wp-content\/uploads\/2017\/11\/gt400_1-960x540.jpg 960w\" sizes=\"(max-width: 1600px) 100vw, 1600px\" \/><\/strong><\/p>\n<p><strong>Gloster Gauntlet<\/strong> on englantilaisvalmisteinen h\u00e4vitt\u00e4j\u00e4. Prototyypin ensilento tapahtui 1928. Gauntlet tuli Englannin Ilmavoimien RAF:n k\u00e4ytt\u00f6\u00f6n 1935. Talvisodan alettua Etel\u00e4-Afrikan liitovalio lahjoitti Suomelle 24 Gauntlet konetta. Ne eiv\u00e4t kuitenkaan ehtineet talvisotaan. Jatkosodan alettua tyyppi oli liian vanha h\u00e4vitt\u00e4j\u00e4ksi ja sit\u00e4 k\u00e4ytettiin harjoituskoneena ja poistettiin k\u00e4yt\u00f6st\u00e4 1945.<br \/>\nN\u00e4ytteill\u00e4 oleva vieraileva Gloster Gauntlet II GT-400 \/OH-XGT:n omistaa Lentotekniikan Kilta, joka on kunnostanut koneen vuonna 1982. Se on ainoa yksil\u00f6 maailmassa ja t\u00e4ysin lentokuntoinen museokone.<\/p>\n<p><strong>Teknisi\u00e4 tietoja:<\/strong> K\u00e4rkiv\u00e4li 9,99m, pituus 8,00 m, tyhj\u00e4paino 1 225 kg, lentopaino 1 800 kg, suurin nopeus korkealla 370 km\/h, moottori Alvis Leonides (ei alkuper\u00e4inen) 9- sylinterinen 520 hv t\u00e4htimoottori.<\/p>\n","protected":false},"excerpt":{"rendered":"<p>Gloster Gauntlet on englantilaisvalmisteinen h\u00e4vitt\u00e4j\u00e4. Prototyypin ensilento tapahtui 1928. Gauntlet tuli Englannin Ilmavoimien RAF:n k\u00e4ytt\u00f6\u00f6n 1935. Talvisodan alettua Etel\u00e4-Afrikan liitovalio lahjoitti Suomelle 24 Gauntlet konetta. Ne eiv\u00e4t kuitenkaan ehtineet talvisotaan. Jatkosodan alettua tyyppi oli liian vanha h\u00e4vitt\u00e4j\u00e4ksi ja sit\u00e4 k\u00e4ytettiin harjoituskoneena ja poistettiin k\u00e4yt\u00f6st\u00e4 1945. N\u00e4ytteill\u00e4 oleva vieraileva Gloster Gauntlet II GT-400 \/OH-XGT:n omistaa Lentotekniikan <a href=\"http:\/\/karhulanilmailukerho.fi\/lentomuseo\/gauntlet\/\" class=\"more-link\">...jatka lukemista<span class=\"screen-reader-text\"> \"Gloster Gauntlet II GT-400 \/ OH-XGT (s\/n K5271)\"<\/span><\/a><\/p>\n","protected":false},"author":1,"featured_media":0,"parent":0,"menu_order":0,"comment_status":"closed","ping_status":"closed","template":"","meta":{"om_disable_all_campaigns":false,"_exactmetrics_skip_tracking":false,"_exactmetrics_sitenote_active":false,"_exactmetrics_sitenote_note":"","_exactmetrics_sitenote_category":0},"aioseo_notices":[],"_links":{"self":[{"href":"http:\/\/karhulanilmailukerho.fi\/lentomuseo\/wp-json\/wp\/v2\/pages\/35"}],"collection":[{"href":"http:\/\/karhulanilmailukerho.fi\/lentomuseo\/wp-json\/wp\/v2\/pages"}],"about":[{"href":"http:\/\/karhulanilmailukerho.fi\/lentomuseo\/wp-json\/wp\/v2\/types\/page"}],"author":[{"embeddable":true,"href":"http:\/\/karhulanilmailukerho.fi\/lentomuseo\/wp-json\/wp\/v2\/users\/1"}],"replies":[{"embeddable":true,"href":"http:\/\/karhulanilmailukerho.fi\/lentomuseo\/wp-json\/wp\/v2\/comments?post=35"}],"version-history":[{"count":13,"href":"http:\/\/karhulanilmailukerho.fi\/lentomuseo\/wp-json\/wp\/v2\/pages\/35\/revisions"}],"predecessor-version":[{"id":436,"href":"http:\/\/karhulanilmailukerho.fi\/lentomuseo\/wp-json\/wp\/v2\/pages\/35\/revisions\/436"}],"wp:attachment":[{"href":"http:\/\/karhulanilmailukerho.fi\/lentomuseo\/wp-json\/wp\/v2\/media?parent=35"}],"curies":[{"name":"wp","href":"https:\/\/api.w.org\/{rel}","templated":true}]}}