{"id":374,"date":"2017-11-25T21:56:48","date_gmt":"2017-11-25T19:56:48","guid":{"rendered":"http:\/\/karhulanilmailukerho.fi\/lentomuseo\/?page_id=374"},"modified":"2017-11-25T21:56:48","modified_gmt":"2017-11-25T19:56:48","slug":"aimo-suomalan-kevythelikopteri","status":"publish","type":"page","link":"http:\/\/karhulanilmailukerho.fi\/lentomuseo\/aimo-suomalan-kevythelikopteri\/","title":{"rendered":"Aimo Suomalan kevythelikopteri"},"content":{"rendered":"<p><img decoding=\"async\" loading=\"lazy\" class=\"alignnone size-full wp-image-375\" src=\"http:\/\/karhulanilmailukerho.fi\/lentomuseo\/wp-content\/uploads\/2017\/11\/helikopteri.jpg\" alt=\"\" width=\"800\" height=\"600\" srcset=\"http:\/\/karhulanilmailukerho.fi\/lentomuseo\/wp-content\/uploads\/2017\/11\/helikopteri.jpg 800w, http:\/\/karhulanilmailukerho.fi\/lentomuseo\/wp-content\/uploads\/2017\/11\/helikopteri-300x225.jpg 300w, http:\/\/karhulanilmailukerho.fi\/lentomuseo\/wp-content\/uploads\/2017\/11\/helikopteri-768x576.jpg 768w\" sizes=\"(max-width: 800px) 100vw, 800px\" \/><\/p>\n<p>N\u00e4ytteill\u00e4 oleva kevythelikopteri on karhulalaisen <strong>Aimo Suomalan<\/strong> 1970-luvun alussa t\u00e4ysin itse rakentama helikopteri. Kopteria ei koskaan rekister\u00f6ity. Ilmailukerhon pojat kunnostivat pitk\u00e4\u00e4n seisoneen kopterin hyv\u00e4\u00e4n n\u00e4yttelykuntoon vuonna 2007.<\/p>\n<p><strong>Teknisi\u00e4 tietoja:<\/strong> Kaksitahtinen 436 cm\u00b3 Kohler K440-2A moottorikelkan moottori. Kopterin rungon pituus on 4,0 m, roottorin halkaisija on 4,4 m ja kopterin korkeus on 1,5 m. Tyhj\u00e4paino on 80 kg.<\/p>\n","protected":false},"excerpt":{"rendered":"<p>N\u00e4ytteill\u00e4 oleva kevythelikopteri on karhulalaisen Aimo Suomalan 1970-luvun alussa t\u00e4ysin itse rakentama helikopteri. Kopteria ei koskaan rekister\u00f6ity. Ilmailukerhon pojat kunnostivat pitk\u00e4\u00e4n seisoneen kopterin hyv\u00e4\u00e4n n\u00e4yttelykuntoon vuonna 2007. Teknisi\u00e4 tietoja: Kaksitahtinen 436 cm\u00b3 Kohler K440-2A moottorikelkan moottori. Kopterin rungon pituus on 4,0 m, roottorin halkaisija on 4,4 m ja kopterin korkeus on 1,5 m. Tyhj\u00e4paino on <a href=\"http:\/\/karhulanilmailukerho.fi\/lentomuseo\/aimo-suomalan-kevythelikopteri\/\" class=\"more-link\">...jatka lukemista<span class=\"screen-reader-text\"> \"Aimo Suomalan kevythelikopteri\"<\/span><\/a><\/p>\n","protected":false},"author":2,"featured_media":0,"parent":0,"menu_order":0,"comment_status":"closed","ping_status":"closed","template":"","meta":{"om_disable_all_campaigns":false,"_exactmetrics_skip_tracking":false,"_exactmetrics_sitenote_active":false,"_exactmetrics_sitenote_note":"","_exactmetrics_sitenote_category":0},"aioseo_notices":[],"_links":{"self":[{"href":"http:\/\/karhulanilmailukerho.fi\/lentomuseo\/wp-json\/wp\/v2\/pages\/374"}],"collection":[{"href":"http:\/\/karhulanilmailukerho.fi\/lentomuseo\/wp-json\/wp\/v2\/pages"}],"about":[{"href":"http:\/\/karhulanilmailukerho.fi\/lentomuseo\/wp-json\/wp\/v2\/types\/page"}],"author":[{"embeddable":true,"href":"http:\/\/karhulanilmailukerho.fi\/lentomuseo\/wp-json\/wp\/v2\/users\/2"}],"replies":[{"embeddable":true,"href":"http:\/\/karhulanilmailukerho.fi\/lentomuseo\/wp-json\/wp\/v2\/comments?post=374"}],"version-history":[{"count":1,"href":"http:\/\/karhulanilmailukerho.fi\/lentomuseo\/wp-json\/wp\/v2\/pages\/374\/revisions"}],"predecessor-version":[{"id":376,"href":"http:\/\/karhulanilmailukerho.fi\/lentomuseo\/wp-json\/wp\/v2\/pages\/374\/revisions\/376"}],"wp:attachment":[{"href":"http:\/\/karhulanilmailukerho.fi\/lentomuseo\/wp-json\/wp\/v2\/media?parent=374"}],"curies":[{"name":"wp","href":"https:\/\/api.w.org\/{rel}","templated":true}]}}