{"id":59,"date":"2017-11-10T18:29:09","date_gmt":"2017-11-10T16:29:09","guid":{"rendered":"http:\/\/karhulanilmailukerho.fi\/lentomuseo\/?page_id=59"},"modified":"2017-11-23T16:49:31","modified_gmt":"2017-11-23T14:49:31","slug":"bocian","status":"publish","type":"page","link":"http:\/\/karhulanilmailukerho.fi\/lentomuseo\/bocian\/","title":{"rendered":"SZD-9 bis 1D Bocian OH-339 (OH-KBO)"},"content":{"rendered":"<p>&nbsp;<\/p>\n<p><img decoding=\"async\" loading=\"lazy\" class=\"alignnone size-full wp-image-249\" src=\"http:\/\/karhulanilmailukerho.fi\/lentomuseo\/wp-content\/uploads\/2017\/11\/02-4-SZD-9-Bocian-OH-339-@JL_edit.jpg\" alt=\"\" width=\"1600\" height=\"900\" srcset=\"http:\/\/karhulanilmailukerho.fi\/lentomuseo\/wp-content\/uploads\/2017\/11\/02-4-SZD-9-Bocian-OH-339-@JL_edit.jpg 1600w, http:\/\/karhulanilmailukerho.fi\/lentomuseo\/wp-content\/uploads\/2017\/11\/02-4-SZD-9-Bocian-OH-339-@JL_edit-300x169.jpg 300w, http:\/\/karhulanilmailukerho.fi\/lentomuseo\/wp-content\/uploads\/2017\/11\/02-4-SZD-9-Bocian-OH-339-@JL_edit-768x432.jpg 768w, http:\/\/karhulanilmailukerho.fi\/lentomuseo\/wp-content\/uploads\/2017\/11\/02-4-SZD-9-Bocian-OH-339-@JL_edit-1024x576.jpg 1024w, http:\/\/karhulanilmailukerho.fi\/lentomuseo\/wp-content\/uploads\/2017\/11\/02-4-SZD-9-Bocian-OH-339-@JL_edit-960x540.jpg 960w\" sizes=\"(max-width: 1600px) 100vw, 1600px\" \/><\/p>\n<p><strong>SZD-9 Bocian<\/strong> on alkuper\u00e4lt\u00e4\u00e4n puolalainen kaksipaikkainen tehopurjekone. Prototyyppi lensi ensi kerran 1952. Tyypin viimeisin malli on 1D vuodelta 1958. Bocian oli suosittu kaksipaikkainen tehopurjekone. Niit\u00e4 valmistettiin 645 kappaletta. Bocian on puurakenteinen ja siipi on osittain kangasp\u00e4\u00e4llysteinen.<\/p>\n<p>N\u00e4ytteill\u00e4 oleva SZD-9 bis 1D Bocian OH-339 (OH-KBO) hankittiin vuonna 1966 Joensuun Ilmailukerholle. Koneen lennot loppuivat vuonna 1979. Nyt se on kunnostettu lent\u00e4v\u00e4ksi vanhan ajan purjekoneeksi ja on kerhon j\u00e4senen yksityisomistuksessa.<\/p>\n<p><strong>Teknisi\u00e4 tietoja<\/strong>: K\u00e4rkiv\u00e4li 18,1 m, pituus 8,24 m, tyhj\u00e4paino 350 kg, lentopaino 540 kg. Suurin sallittu nopeus 200 km\/h. Liitoluku 28.<\/p>\n","protected":false},"excerpt":{"rendered":"<p>&nbsp; SZD-9 Bocian on alkuper\u00e4lt\u00e4\u00e4n puolalainen kaksipaikkainen tehopurjekone. Prototyyppi lensi ensi kerran 1952. Tyypin viimeisin malli on 1D vuodelta 1958. Bocian oli suosittu kaksipaikkainen tehopurjekone. Niit\u00e4 valmistettiin 645 kappaletta. Bocian on puurakenteinen ja siipi on osittain kangasp\u00e4\u00e4llysteinen. N\u00e4ytteill\u00e4 oleva SZD-9 bis 1D Bocian OH-339 (OH-KBO) hankittiin vuonna 1966 Joensuun Ilmailukerholle. Koneen lennot loppuivat vuonna 1979. <a href=\"http:\/\/karhulanilmailukerho.fi\/lentomuseo\/bocian\/\" class=\"more-link\">...jatka lukemista<span class=\"screen-reader-text\"> \"SZD-9 bis 1D Bocian OH-339 (OH-KBO)\"<\/span><\/a><\/p>\n","protected":false},"author":1,"featured_media":0,"parent":0,"menu_order":0,"comment_status":"closed","ping_status":"closed","template":"","meta":{"om_disable_all_campaigns":false,"_exactmetrics_skip_tracking":false,"_exactmetrics_sitenote_active":false,"_exactmetrics_sitenote_note":"","_exactmetrics_sitenote_category":0},"aioseo_notices":[],"_links":{"self":[{"href":"http:\/\/karhulanilmailukerho.fi\/lentomuseo\/wp-json\/wp\/v2\/pages\/59"}],"collection":[{"href":"http:\/\/karhulanilmailukerho.fi\/lentomuseo\/wp-json\/wp\/v2\/pages"}],"about":[{"href":"http:\/\/karhulanilmailukerho.fi\/lentomuseo\/wp-json\/wp\/v2\/types\/page"}],"author":[{"embeddable":true,"href":"http:\/\/karhulanilmailukerho.fi\/lentomuseo\/wp-json\/wp\/v2\/users\/1"}],"replies":[{"embeddable":true,"href":"http:\/\/karhulanilmailukerho.fi\/lentomuseo\/wp-json\/wp\/v2\/comments?post=59"}],"version-history":[{"count":5,"href":"http:\/\/karhulanilmailukerho.fi\/lentomuseo\/wp-json\/wp\/v2\/pages\/59\/revisions"}],"predecessor-version":[{"id":252,"href":"http:\/\/karhulanilmailukerho.fi\/lentomuseo\/wp-json\/wp\/v2\/pages\/59\/revisions\/252"}],"wp:attachment":[{"href":"http:\/\/karhulanilmailukerho.fi\/lentomuseo\/wp-json\/wp\/v2\/media?parent=59"}],"curies":[{"name":"wp","href":"https:\/\/api.w.org\/{rel}","templated":true}]}}