{"id":129,"date":"2017-11-16T09:44:50","date_gmt":"2017-11-16T07:44:50","guid":{"rendered":"http:\/\/karhulanilmailukerho.fi\/lentomuseo\/?page_id=129"},"modified":"2017-11-20T20:23:12","modified_gmt":"2017-11-20T18:23:12","slug":"harakka1","status":"publish","type":"page","link":"https:\/\/karhulanilmailukerho.fi\/lentomuseo\/harakka1\/","title":{"rendered":"Harakka I (H-12)"},"content":{"rendered":"<p><img decoding=\"async\" loading=\"lazy\" class=\"alignnone size-full wp-image-209\" src=\"http:\/\/karhulanilmailukerho.fi\/lentomuseo\/wp-content\/uploads\/2017\/11\/01-01-1-Harakka-I-H-12-@JL_edit.jpg\" alt=\"\" width=\"1600\" height=\"900\" srcset=\"https:\/\/karhulanilmailukerho.fi\/lentomuseo\/wp-content\/uploads\/2017\/11\/01-01-1-Harakka-I-H-12-@JL_edit.jpg 1600w, https:\/\/karhulanilmailukerho.fi\/lentomuseo\/wp-content\/uploads\/2017\/11\/01-01-1-Harakka-I-H-12-@JL_edit-300x169.jpg 300w, https:\/\/karhulanilmailukerho.fi\/lentomuseo\/wp-content\/uploads\/2017\/11\/01-01-1-Harakka-I-H-12-@JL_edit-768x432.jpg 768w, https:\/\/karhulanilmailukerho.fi\/lentomuseo\/wp-content\/uploads\/2017\/11\/01-01-1-Harakka-I-H-12-@JL_edit-1024x576.jpg 1024w, https:\/\/karhulanilmailukerho.fi\/lentomuseo\/wp-content\/uploads\/2017\/11\/01-01-1-Harakka-I-H-12-@JL_edit-960x540.jpg 960w\" sizes=\"(max-width: 1600px) 100vw, 1600px\" \/><\/p>\n<p><strong>Harakka I<\/strong> on suomalaisvelmisteinen alkeisliitokone. Protyyppi lensi ensi kerran 1945. Harakka I koneita rekister\u00f6itiin kaikkiaan 28 kpl. Niit\u00e4 k\u00e4ytettiin 1940- ja 1950- luvuilla liitolennon koulutukseen ennen 2- paikkaisten koneiden yleistymist\u00e4.<\/p>\n<p>Museon Harakka I H-12 ostettiin rakennussarjana vuonna 1945 vastaperustetulle silloiselle Kymin Purjelentokerholle. Sill\u00e4 lennettiin ensimm\u00e4inen lento 23. helmikuuta 1947 ja oli k\u00e4yt\u00f6ss\u00e4 vuoteen 1958. Kerhon H-12 laitettiin talteen jo 1959. Harakka H-12 on museon oma ja nyt ainoa lentokuntoinen Harakka I maailmassa.<\/p>\n<p><strong>Teknisi\u00e4 tietoja:<\/strong> K\u00e4rkiv\u00e4li 10,56m, pituus 5,6 m, tyhj\u00e4paino 92kg, suurin lentopaino 182 kg, normaali lentonopeus 45 km\/h.<\/p>\n","protected":false},"excerpt":{"rendered":"<p>Harakka I on suomalaisvelmisteinen alkeisliitokone. Protyyppi lensi ensi kerran 1945. Harakka I koneita rekister\u00f6itiin kaikkiaan 28 kpl. Niit\u00e4 k\u00e4ytettiin 1940- ja 1950- luvuilla liitolennon koulutukseen ennen 2- paikkaisten koneiden yleistymist\u00e4. Museon Harakka I H-12 ostettiin rakennussarjana vuonna 1945 vastaperustetulle silloiselle Kymin Purjelentokerholle. Sill\u00e4 lennettiin ensimm\u00e4inen lento 23. helmikuuta 1947 ja oli k\u00e4yt\u00f6ss\u00e4 vuoteen 1958. Kerhon <a href=\"https:\/\/karhulanilmailukerho.fi\/lentomuseo\/harakka1\/\" class=\"more-link\">...jatka lukemista<span class=\"screen-reader-text\"> \"Harakka I (H-12)\"<\/span><\/a><\/p>\n","protected":false},"author":1,"featured_media":0,"parent":0,"menu_order":0,"comment_status":"closed","ping_status":"closed","template":"","meta":{"om_disable_all_campaigns":false,"_exactmetrics_skip_tracking":false,"_exactmetrics_sitenote_active":false,"_exactmetrics_sitenote_note":"","_exactmetrics_sitenote_category":0},"aioseo_notices":[],"_links":{"self":[{"href":"https:\/\/karhulanilmailukerho.fi\/lentomuseo\/wp-json\/wp\/v2\/pages\/129"}],"collection":[{"href":"https:\/\/karhulanilmailukerho.fi\/lentomuseo\/wp-json\/wp\/v2\/pages"}],"about":[{"href":"https:\/\/karhulanilmailukerho.fi\/lentomuseo\/wp-json\/wp\/v2\/types\/page"}],"author":[{"embeddable":true,"href":"https:\/\/karhulanilmailukerho.fi\/lentomuseo\/wp-json\/wp\/v2\/users\/1"}],"replies":[{"embeddable":true,"href":"https:\/\/karhulanilmailukerho.fi\/lentomuseo\/wp-json\/wp\/v2\/comments?post=129"}],"version-history":[{"count":5,"href":"https:\/\/karhulanilmailukerho.fi\/lentomuseo\/wp-json\/wp\/v2\/pages\/129\/revisions"}],"predecessor-version":[{"id":214,"href":"https:\/\/karhulanilmailukerho.fi\/lentomuseo\/wp-json\/wp\/v2\/pages\/129\/revisions\/214"}],"wp:attachment":[{"href":"https:\/\/karhulanilmailukerho.fi\/lentomuseo\/wp-json\/wp\/v2\/media?parent=129"}],"curies":[{"name":"wp","href":"https:\/\/api.w.org\/{rel}","templated":true}]}}