{"id":223,"date":"2017-11-21T21:30:59","date_gmt":"2017-11-21T19:30:59","guid":{"rendered":"http:\/\/karhulanilmailukerho.fi\/lentomuseo\/?page_id=223"},"modified":"2017-11-21T21:30:59","modified_gmt":"2017-11-21T19:30:59","slug":"stieglitz","status":"publish","type":"page","link":"https:\/\/karhulanilmailukerho.fi\/lentomuseo\/stieglitz\/","title":{"rendered":"Focke-Wulf Fw 44J Stieglitz"},"content":{"rendered":"<p><img decoding=\"async\" loading=\"lazy\" class=\"alignnone size-full wp-image-224\" src=\"http:\/\/karhulanilmailukerho.fi\/lentomuseo\/wp-content\/uploads\/2017\/11\/stigu.jpg\" alt=\"\" width=\"591\" height=\"386\" srcset=\"https:\/\/karhulanilmailukerho.fi\/lentomuseo\/wp-content\/uploads\/2017\/11\/stigu.jpg 591w, https:\/\/karhulanilmailukerho.fi\/lentomuseo\/wp-content\/uploads\/2017\/11\/stigu-300x196.jpg 300w\" sizes=\"(max-width: 591px) 100vw, 591px\" \/><\/p>\n<p><strong>Focke-Wulf Fw 44J Stieglitz<\/strong> on saksalaisvalmisteinen alkeiskoulukone. Prototyypin ensilento tapahtui 1932. Suomen Ilmavoimille hankittiin kaikkiaan 35 konetta. Ensimm\u00e4inen tuli Suomeen toukokuussa 1940. \"Stigu\" oli Ilmavoimien k\u00e4yt\u00f6ss\u00e4 toukokuuhun 1960 asti. T\u00e4m\u00e4n j\u00e4lkeen koneet huutokaupattiin. Moni j\u00e4i siviilik\u00e4ytt\u00f6\u00f6n.<br \/>\nN\u00e4ytteill\u00e4 oleva kone on yksi huutokaupatuista. Koneen omistaa H.O.Tandeffelt, joka on kunnostuttanut koneen vuonna 1998. Se on t\u00e4ysin lentokuntoinen museokone.<\/p>\n<p><strong> Teknisi\u00e4 tietoja:<\/strong> K\u00e4rkiv\u00e4li 9,00m, pituus 7,29 m, tyhj\u00e4paino 565 kg, lentopaino 900 kg, suurin nopeus 185 km\/h, moottori Bramo (Siemens) Sh 14A 7- sylinterinen imaj\u00e4\u00e4hdytteinen 150 hv t\u00e4htimoottori.<\/p>\n","protected":false},"excerpt":{"rendered":"<p>Focke-Wulf Fw 44J Stieglitz on saksalaisvalmisteinen alkeiskoulukone. Prototyypin ensilento tapahtui 1932. Suomen Ilmavoimille hankittiin kaikkiaan 35 konetta. Ensimm\u00e4inen tuli Suomeen toukokuussa 1940. \"Stigu\" oli Ilmavoimien k\u00e4yt\u00f6ss\u00e4 toukokuuhun 1960 asti. T\u00e4m\u00e4n j\u00e4lkeen koneet huutokaupattiin. Moni j\u00e4i siviilik\u00e4ytt\u00f6\u00f6n. N\u00e4ytteill\u00e4 oleva kone on yksi huutokaupatuista. Koneen omistaa H.O.Tandeffelt, joka on kunnostuttanut koneen vuonna 1998. Se on t\u00e4ysin lentokuntoinen <a href=\"https:\/\/karhulanilmailukerho.fi\/lentomuseo\/stieglitz\/\" class=\"more-link\">...jatka lukemista<span class=\"screen-reader-text\"> \"Focke-Wulf Fw 44J Stieglitz\"<\/span><\/a><\/p>\n","protected":false},"author":2,"featured_media":0,"parent":0,"menu_order":0,"comment_status":"closed","ping_status":"closed","template":"","meta":{"om_disable_all_campaigns":false,"_exactmetrics_skip_tracking":false,"_exactmetrics_sitenote_active":false,"_exactmetrics_sitenote_note":"","_exactmetrics_sitenote_category":0},"aioseo_notices":[],"_links":{"self":[{"href":"https:\/\/karhulanilmailukerho.fi\/lentomuseo\/wp-json\/wp\/v2\/pages\/223"}],"collection":[{"href":"https:\/\/karhulanilmailukerho.fi\/lentomuseo\/wp-json\/wp\/v2\/pages"}],"about":[{"href":"https:\/\/karhulanilmailukerho.fi\/lentomuseo\/wp-json\/wp\/v2\/types\/page"}],"author":[{"embeddable":true,"href":"https:\/\/karhulanilmailukerho.fi\/lentomuseo\/wp-json\/wp\/v2\/users\/2"}],"replies":[{"embeddable":true,"href":"https:\/\/karhulanilmailukerho.fi\/lentomuseo\/wp-json\/wp\/v2\/comments?post=223"}],"version-history":[{"count":1,"href":"https:\/\/karhulanilmailukerho.fi\/lentomuseo\/wp-json\/wp\/v2\/pages\/223\/revisions"}],"predecessor-version":[{"id":225,"href":"https:\/\/karhulanilmailukerho.fi\/lentomuseo\/wp-json\/wp\/v2\/pages\/223\/revisions\/225"}],"wp:attachment":[{"href":"https:\/\/karhulanilmailukerho.fi\/lentomuseo\/wp-json\/wp\/v2\/media?parent=223"}],"curies":[{"name":"wp","href":"https:\/\/api.w.org\/{rel}","templated":true}]}}