{"id":389,"date":"2017-11-26T11:40:10","date_gmt":"2017-11-26T09:40:10","guid":{"rendered":"http:\/\/karhulanilmailukerho.fi\/lentomuseo\/?page_id=389"},"modified":"2017-11-26T12:44:48","modified_gmt":"2017-11-26T10:44:48","slug":"ilmailuhistoria","status":"publish","type":"page","link":"https:\/\/karhulanilmailukerho.fi\/lentomuseo\/ilmailuhistoria\/","title":{"rendered":"Ilmailuhistoria"},"content":{"rendered":"<p><strong>Ilmailumuseoita ja yhdistyksi\u00e4:<\/strong><\/p>\n<p><a href=\"https:\/\/www.ilmailumuseot.fi\/museot\/hallinportti-ilmailumuseo--hallinportti-aviation-museum\">Hallinportin Ilmailumuseo<\/a><br \/>\n<a href=\"https:\/\/www.ilmailumuseoyhdistys.fi\/\">Ilmailumuseoyhdistys (IMY)<\/a><br \/>\n<a href=\"http:\/\/www.karjalanilmailumuseo.fi\/\">Karjalan Ilmailumuseo<\/a><br \/>\n<a href=\"https:\/\/www.lahdenilmasilta.fi\/museo\/paijat-hameen-ilmailumuseo\">P\u00e4ij\u00e4t-H\u00e4meen Ilmailumuseo<\/a><br \/>\n<\/a><a href=\"http:\/\/ilmailumuseo.fi\/\">Suomen Ilmailumuseo<br \/>\n<\/a><a href=\"http:\/\/ilmavoimamuseo.fi\/\">Suomen Ilmavoimamuseo<br \/>\n<\/a><a href=\"http:\/\/www.dc-ry.fi\/\">DC -yhdistys<\/a><br \/>\n&nbsp;<\/p>\n","protected":false},"excerpt":{"rendered":"<p>Ilmailumuseoita ja yhdistyksi\u00e4: Hallinportin Ilmailumuseo Ilmailumuseoyhdistys (IMY) Karjalan Ilmailumuseo P\u00e4ij\u00e4t-H\u00e4meen Ilmailumuseo Suomen Ilmailumuseo Suomen Ilmavoimamuseo DC -yhdistys &nbsp;<\/p>\n","protected":false},"author":2,"featured_media":0,"parent":0,"menu_order":0,"comment_status":"closed","ping_status":"closed","template":"","meta":{"om_disable_all_campaigns":false,"_exactmetrics_skip_tracking":false,"_exactmetrics_sitenote_active":false,"_exactmetrics_sitenote_note":"","_exactmetrics_sitenote_category":0},"aioseo_notices":[],"_links":{"self":[{"href":"https:\/\/karhulanilmailukerho.fi\/lentomuseo\/wp-json\/wp\/v2\/pages\/389"}],"collection":[{"href":"https:\/\/karhulanilmailukerho.fi\/lentomuseo\/wp-json\/wp\/v2\/pages"}],"about":[{"href":"https:\/\/karhulanilmailukerho.fi\/lentomuseo\/wp-json\/wp\/v2\/types\/page"}],"author":[{"embeddable":true,"href":"https:\/\/karhulanilmailukerho.fi\/lentomuseo\/wp-json\/wp\/v2\/users\/2"}],"replies":[{"embeddable":true,"href":"https:\/\/karhulanilmailukerho.fi\/lentomuseo\/wp-json\/wp\/v2\/comments?post=389"}],"version-history":[{"count":7,"href":"https:\/\/karhulanilmailukerho.fi\/lentomuseo\/wp-json\/wp\/v2\/pages\/389\/revisions"}],"predecessor-version":[{"id":400,"href":"https:\/\/karhulanilmailukerho.fi\/lentomuseo\/wp-json\/wp\/v2\/pages\/389\/revisions\/400"}],"wp:attachment":[{"href":"https:\/\/karhulanilmailukerho.fi\/lentomuseo\/wp-json\/wp\/v2\/media?parent=389"}],"curies":[{"name":"wp","href":"https:\/\/api.w.org\/{rel}","templated":true}]}}